{"id":725,"date":"2025-06-17T11:32:14","date_gmt":"2025-06-17T09:32:14","guid":{"rendered":"https:\/\/voxov.hu\/?page_id=725"},"modified":"2025-06-26T16:32:29","modified_gmt":"2025-06-26T14:32:29","slug":"jelentkezesi-lap","status":"publish","type":"page","link":"https:\/\/voxov.hu\/en\/application-form\/","title":{"rendered":"Jelentkez\u00e9si lap"},"content":{"rendered":"\t\t<div data-elementor-type=\"wp-page\" data-elementor-id=\"725\" class=\"elementor elementor-725\" data-elementor-post-type=\"page\">\n\t\t\t\t<div class=\"elementor-element elementor-element-f4a8621 e-flex e-con-boxed elementor-invisible e-con e-parent\" data-id=\"f4a8621\" data-element_type=\"container\" data-e-type=\"container\" data-settings=\"{&quot;animation&quot;:&quot;fadeIn&quot;}\">\n\t\t\t\t\t<div class=\"e-con-inner\">\n\t\t\t\t<div class=\"elementor-element elementor-element-0197c6d elementor-widget__width-initial elementor-widget elementor-widget-heading\" data-id=\"0197c6d\" data-element_type=\"widget\" data-e-type=\"widget\" data-widget_type=\"heading.default\">\n\t\t\t\t<div class=\"elementor-widget-container\">\n\t\t\t\t\t<h2 class=\"elementor-heading-title elementor-size-default\">JELENTKEZ\u00c9SI LAP<\/h2>\t\t\t\t<\/div>\n\t\t\t\t<\/div>\n\t\t\t\t<div class=\"elementor-element elementor-element-bd9abe9 elementor-widget__width-initial elementor-widget elementor-widget-text-editor\" data-id=\"bd9abe9\" data-element_type=\"widget\" data-e-type=\"widget\" data-widget_type=\"text-editor.default\">\n\t\t\t\t<div class=\"elementor-widget-container\">\n\t\t\t\t\t\t\t\t\t<p>Az al\u00e1bbi adatlap kit\u00f6lt\u00e9s\u00e9vel \u00e9s elk\u00fcld\u00e9s\u00e9vel tud jelentkezni az \u00e1ll\u00e1sra.<br \/>A *-gal megjel\u00f6lt elemek kit\u00f6lt\u00e9se k\u00f6telez\u0151!<\/p>\t\t\t\t\t\t\t\t<\/div>\n\t\t\t\t<\/div>\n\t\t\t\t<div class=\"elementor-element elementor-element-d5886ac elementor-widget elementor-widget-heading\" data-id=\"d5886ac\" data-element_type=\"widget\" data-e-type=\"widget\" data-widget_type=\"heading.default\">\n\t\t\t\t<div class=\"elementor-widget-container\">\n\t\t\t\t\t<h2 class=\"elementor-heading-title elementor-size-default\">JELENTKEZ\u0150 ADATAI<\/h2>\t\t\t\t<\/div>\n\t\t\t\t<\/div>\n\t\t\t\t<div class=\"elementor-element elementor-element-d0a2d08 fluent-form-widget-step-header-yes fluent-form-widget-step-progressbar-yes fluentform-widget-submit-button-custom elementor-widget elementor-widget-fluent-form-widget\" data-id=\"d0a2d08\" data-element_type=\"widget\" data-e-type=\"widget\" data-widget_type=\"fluent-form-widget.default\">\n\t\t\t\t<div class=\"elementor-widget-container\">\n\t\t\t\t\t\n            <div class=\"fluentform-widget-wrapper fluentform-widget-custom-radio-checkbox fluentform-widget-align-default\">\n\n            \n            <div class='fluentform ff-default fluentform_wrapper_3 ffs_default_wrap'><form data-form_id=\"3\" id=\"fluentform_3\" class=\"frm-fluent-form fluent_form_3 ff-el-form-top ff_form_instance_3_1 ff-form-loading ffs_default\" data-form_instance=\"ff_form_instance_3_1\" method=\"POST\" ><fieldset  style=\"border: none!important;margin: 0!important;padding: 0!important;background-color: transparent!important;box-shadow: none!important;outline: none!important; min-inline-size: 100%;\">\n                    <legend class=\"ff_screen_reader_title\" style=\"display: block; margin: 0!important;padding: 0!important;height: 0!important;text-indent: -999999px;width: 0!important;overflow:hidden;\">\u00c1llas hirdet\u00e9s jelentkez\u00e9s<\/legend><p style=\"display: none !important;\" class=\"akismet-fields-container\" data-prefix=\"ak_\"><label>&#916;<textarea name=\"ak_hp_textarea\" cols=\"45\" rows=\"8\" maxlength=\"100\"><\/textarea><\/label><input type=\"hidden\" id=\"ak_js_1\" name=\"ak_js\" value=\"88\"\/><script>\ndocument.getElementById( \"ak_js_1\" ).setAttribute( \"value\", ( new Date() ).getTime() );\n<\/script>\n<\/p>        <div\n                style=\"display: none!important; position: absolute!important; transform: translateX(1000%)!important;\"\n                class=\"ff-el-group ff-hpsf-container\"\n        >\n            <div class=\"ff-el-input--label asterisk-right\">\n                <label for=\"ff_3_item_sf\" aria-label=\"Subscribe\">\n                    Subscribe                <\/label>\n            <\/div>\n            <div class=\"ff-el-input--content\">\n                <input type=\"text\"\n                       name=\"item_3__fluent_sf\"\n                       class=\"ff-el-form-control\"\n                       id=\"ff_3_item_sf\"\n                \/>\n            <\/div>\n        <\/div>\n        <input type='hidden' name='__fluent_form_embded_post_id' value='725' \/><input type=\"hidden\" id=\"_fluentform_3_fluentformnonce\" name=\"_fluentform_3_fluentformnonce\" value=\"06638f3685\" \/><input type=\"hidden\" name=\"_wp_http_referer\" value=\"\/en\/wp-json\/wp\/v2\/pages\/725\" \/><div class='ff-el-group'><div class=\"ff-el-input--label ff-el-is-required asterisk-right\"><label for='ff_3_dropdown' id='label_ff_3_dropdown' aria-label=\"\u00c1ll\u00e1s kiv\u00e1laszt\u00e1sa\">\u00c1ll\u00e1s kiv\u00e1laszt\u00e1sa<\/label><\/div><div class='ff-el-input--content'><select name=\"dropdown\" id=\"ff_3_dropdown\" class=\"ff-el-form-control\" data-name=\"dropdown\" data-calc_value=\"0\"  aria-invalid=\"false\" aria-required=\"true\" aria-labelledby=\"label_ff_3_dropdown\"><option value=\"\">\u00c1ll\u00e1s kiv\u00e1laszt\u00e1sa<\/option><option value=\" BELF\u00d6LDI HETEL\u0150S G\u00c9PJ\u00c1RM\u0170VEZET\u0150\"  >BELF\u00d6LDI HETEL\u0150S G\u00c9PJ\u00c1RM\u0170VEZET\u0150<\/option><option value=\"SPEDIT\u0150R\"  >SPEDIT\u0150R<\/option><\/select><\/div><\/div><div data-name=\"ff_cn_id_1\"  class='ff-t-container ff-column-container ff_columns_total_2 '><div class='ff-t-cell ff-t-column-1' style='flex-basis: 50%;'><div data-type=\"name-element\" data-name=\"names\" class=\" ff-field_container ff-name-field-wrapper\" ><div class='ff-t-container'><div class='ff-t-cell '><div class='ff-el-group ff-el-form-top'><div class=\"ff-el-input--label ff-el-is-required asterisk-right\"><label for='ff_3_names_first_name_' id='label_ff_3_names_first_name_' >N\u00c9V<\/label><\/div><div class='ff-el-input--content'><input type=\"text\" name=\"names[first_name]\" id=\"ff_3_names_first_name_\" class=\"ff-el-form-control\" placeholder=\"N\u00e9v\" aria-invalid=\"false\" aria-required=true><\/div><\/div><\/div><\/div><\/div><\/div><div class='ff-t-cell ff-t-column-2' style='flex-basis: 50%;'><div class='ff-el-group'><div class=\"ff-el-input--label ff-el-is-required asterisk-right\"><label for='ff_3_input_text' id='label_ff_3_input_text' aria-label=\"Lakhely\">Lakhely<\/label><\/div><div class='ff-el-input--content'><input type=\"text\" name=\"input_text\" class=\"ff-el-form-control\" placeholder=\"Lakhely \" data-name=\"input_text\" id=\"ff_3_input_text\"  aria-invalid=\"false\" aria-required=true><\/div><\/div><\/div><\/div><div data-name=\"ff_cn_id_2\"  class='ff-t-container ff-column-container ff_columns_total_2 '><div class='ff-t-cell ff-t-column-1' style='flex-basis: 50%;'><div class='ff-el-group'><div class=\"ff-el-input--label ff-el-is-required asterisk-right\"><label for='ff_3_email' id='label_ff_3_email' aria-label=\"EMAIL C\u00cdM\">EMAIL C\u00cdM<\/label><\/div><div class='ff-el-input--content'><input type=\"email\" name=\"email\" id=\"ff_3_email\" class=\"ff-el-form-control\" placeholder=\"Email c\u00edm\" data-name=\"email\"  aria-invalid=\"false\" aria-required=true><\/div><\/div><\/div><div class='ff-t-cell ff-t-column-2' style='flex-basis: 50%;'><div class='ff-el-group'><div class=\"ff-el-input--label ff-el-is-required asterisk-right\"><label for='ff_3_phone' id='label_ff_3_phone' aria-label=\"TELEFONSZ\u00c1M\">TELEFONSZ\u00c1M<\/label><\/div><div class='ff-el-input--content'><input name=\"phone\" class=\"ff-el-form-control ff-el-phone\" type=\"tel\" placeholder=\"Mobiltelefonsz\u00e1m\" data-name=\"phone\" id=\"ff_3_phone\" inputmode=\"tel\"  aria-invalid='false' aria-required=true><\/div><\/div><\/div><\/div><div class='ff-el-group'><div class=\"ff-el-input--label asterisk-right\"><label for='ff_3_file-upload_1' id='label_ff_3_file-upload_1' aria-label=\"\u00d6N\u00c9LETRAJZ\">\u00d6N\u00c9LETRAJZ<\/label><\/div><div class='ff-el-input--content'><label for='ff_3_file-upload_1' class='ff_file_upload_holder'><span class='ff_upload_btn ff-btn' tabindex='0'>F\u00e1lj kiv\u00e1laszt\u00e1sa<\/span> <input type=\"file\" name=\"file-upload\" id=\"ff_3_file-upload_1\" class=\"ff-el-form-control  ff-screen-reader-element\" data-name=\"file-upload\" multiple=\"1\"  aria-invalid='false' aria-required=false><\/label><\/div><\/div><div class='ff-el-group    ff-el-input--content'><div class='ff-el-form-check ff-el-tc'><label aria-label='Terms and Conditions: *\u00a0Az\u00a0Adatkezel\u00e9si t\u00e1j\u00e9koztat\u00f3ban foglaltakat megismertem \u00e9s elfogadom.\u00a0A\u00a0*-al jel\u00f6lt mez\u0151ket k\u00f6telez\u0151 kit\u00f6lteni! Contains 1 link. Use tab navigation to review.' class='ff-el-form-check-label ff_tc_label' for=terms-n-condition_27b5226c51d9df8fb4ee6cfa8e633fd7><span class='ff_tc_checkbox'><input type=\"checkbox\" name=\"terms-n-condition\" class=\"ff-el-form-check-input\" data-name=\"terms-n-condition\" id=\"terms-n-condition_27b5226c51d9df8fb4ee6cfa8e633fd7\"  value='on' aria-invalid='false' aria-required=false><\/span> <div class='ff_t_c'><p>*\u00a0Az\u00a0<a href=\"https:\/\/voxov.hu\/adatvedelmi-tajekoztato\/\">Adatkezel\u00e9si t\u00e1j\u00e9koztat\u00f3ban<\/a> foglaltakat megismertem \u00e9s elfogadom.<strong>\u00a0A\u00a0*-al jel\u00f6lt mez\u0151ket k\u00f6telez\u0151 kit\u00f6lteni!<\/strong><\/p><\/div><\/label><\/div><\/div><div class='ff-el-group ' ><div class='ff-el-input--content'><div data-fluent_id='3' name='g-recaptcha-response'><div\n\t\tdata-sitekey='6LdIfLErAAAAALL1O4eYushkixqj62ev_GUxK314'\n\t\tid='fluentform-recaptcha-3-1'\n\t\tclass='ff-el-recaptcha g-recaptcha'\n\t\tdata-callback='fluentFormrecaptchaSuccessCallback'><\/div><\/div><\/div><\/div><div class='ff-el-group ff-text-center ff_submit_btn_wrapper'><button type=\"submit\" class=\"ff-btn ff-btn-submit ff-btn-md ff_btn_no_style\"  aria-label=\"JELENTKEZEM\">JELENTKEZEM<\/button><\/div><\/fieldset><\/form><div id='fluentform_3_errors' class='ff-errors-in-stack ff_form_instance_3_1 ff-form-loading_errors ff_form_instance_3_1_errors'><\/div><\/div>            <script type=\"text\/javascript\">\n                window.fluent_form_ff_form_instance_3_1 = {\"id\":\"3\",\"ajaxUrl\":\"https:\\\/\\\/voxov.hu\\\/wp-admin\\\/admin-ajax.php\",\"settings\":{\"layout\":{\"labelPlacement\":\"top\",\"asteriskPlacement\":\"asterisk-right\",\"helpMessagePlacement\":\"with_label\",\"errorMessagePlacement\":\"inline\",\"cssClassName\":\"\"},\"restrictions\":{\"denyEmptySubmission\":{\"enabled\":false}}},\"form_instance\":\"ff_form_instance_3_1\",\"form_id_selector\":\"fluentform_3\",\"rules\":{\"dropdown\":{\"required\":{\"value\":true,\"message\":\"Ez egy k\\u00f6telez\\u0151 mez\\u0151\",\"global_message\":\"Ez egy k\\u00f6telez\\u0151 mez\\u0151\",\"global\":true}},\"names[first_name]\":{\"required\":{\"value\":true,\"message\":\"Ez egy k\\u00f6telez\\u0151 mez\\u0151\",\"global_message\":\"Ez egy k\\u00f6telez\\u0151 mez\\u0151\",\"global\":true}},\"names[middle_name]\":{\"required\":{\"value\":false,\"message\":\"Ez egy k\\u00f6telez\\u0151 mez\\u0151\",\"global_message\":\"Ez egy k\\u00f6telez\\u0151 mez\\u0151\",\"global\":true}},\"names[last_name]\":{\"required\":{\"value\":false,\"message\":\"Ez egy k\\u00f6telez\\u0151 mez\\u0151\",\"global_message\":\"Ez egy k\\u00f6telez\\u0151 mez\\u0151\",\"global\":true}},\"input_text\":{\"required\":{\"value\":true,\"message\":\"Ez egy k\\u00f6telez\\u0151 mez\\u0151\",\"global_message\":\"Ez egy k\\u00f6telez\\u0151 mez\\u0151\",\"global\":true}},\"email\":{\"required\":{\"value\":true,\"message\":\"Ez egy k\\u00f6telez\\u0151 mez\\u0151\",\"global_message\":\"Ez egy k\\u00f6telez\\u0151 mez\\u0151\",\"global\":true},\"email\":{\"value\":true,\"message\":\"A mez\\u0151nek \\u00e9rv\\u00e9nyes emailc\\u00edmet kell tartalmaznia\",\"global_message\":\"A mez\\u0151nek \\u00e9rv\\u00e9nyes emailc\\u00edmet kell tartalmaznia\",\"global\":true}},\"phone\":{\"required\":{\"value\":true,\"global\":true,\"message\":\"Ez egy k\\u00f6telez\\u0151 mez\\u0151\",\"global_message\":\"Ez egy k\\u00f6telez\\u0151 mez\\u0151\"},\"valid_phone_number\":{\"value\":false,\"global\":true,\"message\":\"A telefonsz\\u00e1m nem \\u00e9rv\\u00e9nyes\",\"global_message\":\"A telefonsz\\u00e1m nem \\u00e9rv\\u00e9nyes\"}},\"file-upload\":{\"required\":{\"value\":false,\"message\":\"Ez egy k\\u00f6telez\\u0151 mez\\u0151\",\"global_message\":\"Ez egy k\\u00f6telez\\u0151 mez\\u0151\",\"global\":true},\"max_file_size\":{\"value\":1048576,\"_valueFrom\":\"MB\",\"message\":\"Az \\u00e9rv\\u00e9nyes\\u00edt\\u00e9s nem siker\\u00fclt, t\\u00fal nagy f\\u00e1jl\",\"global_message\":\"Az \\u00e9rv\\u00e9nyes\\u00edt\\u00e9s nem siker\\u00fclt, t\\u00fal nagy f\\u00e1jl\",\"global\":true},\"max_file_count\":{\"value\":1,\"message\":\"Az \\u00e9rv\\u00e9nyes\\u00edt\\u00e9s nem siker\\u00fclt, t\\u00fal sok f\\u00e1jl\",\"global_message\":\"Az \\u00e9rv\\u00e9nyes\\u00edt\\u00e9s nem siker\\u00fclt, t\\u00fal sok f\\u00e1jl\",\"global\":true},\"allowed_file_types\":{\"value\":[\"jpg|jpeg|gif|png|bmp\",\"pdf\",\"doc|ppt|pps|xls|mdb|docx|xlsx|pptx|odt|odp|ods|odg|odc|odb|odf|rtf|txt\"],\"message\":\"\\u00c9rv\\u00e9nytelen f\\u00e1jlt\\u00edpus\",\"global_message\":\"\\u00c9rv\\u00e9nytelen f\\u00e1jlt\\u00edpus\",\"global\":true}},\"terms-n-condition\":{\"required\":{\"value\":false,\"message\":\"Ez egy k\\u00f6telez\\u0151 mez\\u0151\",\"global_message\":\"Ez egy k\\u00f6telez\\u0151 mez\\u0151\",\"global\":true}}},\"debounce_time\":300};\n                            <\/script>\n                        <\/div>\n\n            \t\t\t\t<\/div>\n\t\t\t\t<\/div>\n\t\t\t\t\t<\/div>\n\t\t\t\t<\/div>\n\t\t\t\t<\/div>\n\t\t","protected":false},"excerpt":{"rendered":"<p>JELENTKEZ\u00c9SI LAP Az al\u00e1bbi adatlap kit\u00f6lt\u00e9s\u00e9vel \u00e9s elk\u00fcld\u00e9s\u00e9vel tud jelentkezni az \u00e1ll\u00e1sra.A *-gal megjel\u00f6lt elemek kit\u00f6lt\u00e9se k\u00f6telez\u0151! JELENTKEZ\u0150 ADATAI \u00c1llas hirdet\u00e9s jelentkez\u00e9s Notify \u00c1ll\u00e1s kiv\u00e1laszt\u00e1sa\u00c1ll\u00e1s kiv\u00e1laszt\u00e1saBELF\u00d6LDI HETEL\u0150S G\u00c9PJ\u00c1RM\u0170VEZET\u0150SPEDIT\u0150RN\u00c9VLakhelyEMAIL C\u00cdMTELEFONSZ\u00c1M\u00d6N\u00c9LETRAJZF\u00e1lj kiv\u00e1laszt\u00e1sa *\u00a0Az\u00a0Adatkezel\u00e9si t\u00e1j\u00e9koztat\u00f3ban foglaltakat megismertem \u00e9s elfogadom.\u00a0A\u00a0*-al jel\u00f6lt mez\u0151ket k\u00f6telez\u0151 kit\u00f6lteni! JELENTKEZEM<\/p>","protected":false},"author":1,"featured_media":470,"parent":0,"menu_order":0,"comment_status":"closed","ping_status":"closed","template":"elementor_header_footer","meta":{"footnotes":""},"class_list":["post-725","page","type-page","status-publish","has-post-thumbnail","hentry"],"yoast_head":"<!-- This site is optimized with the Yoast SEO Premium plugin v27.4 (Yoast SEO v27.4) - https:\/\/yoast.com\/product\/yoast-seo-premium-wordpress\/ -->\n<title>\u00c1llashirdet\u00e9s - Jelentkez\u00e9si lap - VOXOV Logistics Kft.<\/title>\n<meta name=\"description\" content=\"Fuvaroz\u00f3i \u00e1ll\u00e1shirdet\u00e9s a VOXOV-n\u00e1l! Jelentkezz nemzetk\u00f6zi fuvaroz\u00f3i poz\u00edci\u00f3ra online jelentkez\u00e9ssel. Csatlakozz csapatunkhoz m\u00e9g ma!\" \/>\n<meta name=\"robots\" content=\"index, follow, max-snippet:-1, max-image-preview:large, max-video-preview:-1\" \/>\n<link rel=\"canonical\" href=\"https:\/\/voxov.hu\/en\/application-form\/\" \/>\n<meta property=\"og:locale\" content=\"en_GB\" \/>\n<meta property=\"og:type\" content=\"article\" \/>\n<meta property=\"og:title\" content=\"Jelentkez\u00e9si lap\" \/>\n<meta property=\"og:description\" content=\"Fuvaroz\u00f3i \u00e1ll\u00e1shirdet\u00e9s a VOXOV-n\u00e1l! Jelentkezz nemzetk\u00f6zi fuvaroz\u00f3i poz\u00edci\u00f3ra online jelentkez\u00e9ssel. Csatlakozz csapatunkhoz m\u00e9g ma!\" \/>\n<meta property=\"og:url\" content=\"https:\/\/voxov.hu\/en\/application-form\/\" \/>\n<meta property=\"og:site_name\" content=\"VOXOV\" \/>\n<meta property=\"article:publisher\" content=\"https:\/\/www.facebook.com\/voxov.hu\" \/>\n<meta property=\"article:modified_time\" content=\"2025-06-26T14:32:29+00:00\" \/>\n<meta property=\"og:image\" content=\"https:\/\/voxov.hu\/wp-content\/uploads\/2025\/02\/Nevtelen-terv-2.png\" \/>\n\t<meta property=\"og:image:width\" content=\"500\" \/>\n\t<meta property=\"og:image:height\" content=\"500\" \/>\n\t<meta property=\"og:image:type\" content=\"image\/png\" \/>\n<meta name=\"twitter:card\" content=\"summary_large_image\" \/>\n<meta name=\"twitter:label1\" content=\"Estimated reading time\" \/>\n\t<meta name=\"twitter:data1\" content=\"1 minute\" \/>\n<script type=\"application\/ld+json\" class=\"yoast-schema-graph\">{\"@context\":\"https:\\\/\\\/schema.org\",\"@graph\":[{\"@type\":\"WebPage\",\"@id\":\"https:\\\/\\\/voxov.hu\\\/jelentkezesi-lap\\\/\",\"url\":\"https:\\\/\\\/voxov.hu\\\/jelentkezesi-lap\\\/\",\"name\":\"\u00c1llashirdet\u00e9s - Jelentkez\u00e9si lap - VOXOV Logistics Kft.\",\"isPartOf\":{\"@id\":\"https:\\\/\\\/voxov.hu\\\/#website\"},\"primaryImageOfPage\":{\"@id\":\"https:\\\/\\\/voxov.hu\\\/jelentkezesi-lap\\\/#primaryimage\"},\"image\":{\"@id\":\"https:\\\/\\\/voxov.hu\\\/jelentkezesi-lap\\\/#primaryimage\"},\"thumbnailUrl\":\"https:\\\/\\\/voxov.hu\\\/wp-content\\\/uploads\\\/2025\\\/02\\\/Nevtelen-terv-2.png\",\"datePublished\":\"2025-06-17T09:32:14+00:00\",\"dateModified\":\"2025-06-26T14:32:29+00:00\",\"description\":\"Fuvaroz\u00f3i \u00e1ll\u00e1shirdet\u00e9s a VOXOV-n\u00e1l! Jelentkezz nemzetk\u00f6zi fuvaroz\u00f3i poz\u00edci\u00f3ra online jelentkez\u00e9ssel. Csatlakozz csapatunkhoz m\u00e9g ma!\",\"breadcrumb\":{\"@id\":\"https:\\\/\\\/voxov.hu\\\/jelentkezesi-lap\\\/#breadcrumb\"},\"inLanguage\":\"en-GB\",\"potentialAction\":[{\"@type\":\"ReadAction\",\"target\":[\"https:\\\/\\\/voxov.hu\\\/jelentkezesi-lap\\\/\"]}]},{\"@type\":\"ImageObject\",\"inLanguage\":\"en-GB\",\"@id\":\"https:\\\/\\\/voxov.hu\\\/jelentkezesi-lap\\\/#primaryimage\",\"url\":\"https:\\\/\\\/voxov.hu\\\/wp-content\\\/uploads\\\/2025\\\/02\\\/Nevtelen-terv-2.png\",\"contentUrl\":\"https:\\\/\\\/voxov.hu\\\/wp-content\\\/uploads\\\/2025\\\/02\\\/Nevtelen-terv-2.png\",\"width\":500,\"height\":500},{\"@type\":\"BreadcrumbList\",\"@id\":\"https:\\\/\\\/voxov.hu\\\/jelentkezesi-lap\\\/#breadcrumb\",\"itemListElement\":[{\"@type\":\"ListItem\",\"position\":1,\"name\":\"Kezd\u0151lap\",\"item\":\"https:\\\/\\\/voxov.hu\\\/\"},{\"@type\":\"ListItem\",\"position\":2,\"name\":\"Jelentkez\u00e9si lap\"}]},{\"@type\":\"WebSite\",\"@id\":\"https:\\\/\\\/voxov.hu\\\/#website\",\"url\":\"https:\\\/\\\/voxov.hu\\\/\",\"name\":\"VOXOV\",\"description\":\"Logisztikai partnere egy digit\u00e1lis vil\u00e1gban\",\"publisher\":{\"@id\":\"https:\\\/\\\/voxov.hu\\\/#organization\"},\"potentialAction\":[{\"@type\":\"SearchAction\",\"target\":{\"@type\":\"EntryPoint\",\"urlTemplate\":\"https:\\\/\\\/voxov.hu\\\/?s={search_term_string}\"},\"query-input\":{\"@type\":\"PropertyValueSpecification\",\"valueRequired\":true,\"valueName\":\"search_term_string\"}}],\"inLanguage\":\"en-GB\"},{\"@type\":\"Organization\",\"@id\":\"https:\\\/\\\/voxov.hu\\\/#organization\",\"name\":\"VOXOV Logistics Kft\",\"url\":\"https:\\\/\\\/voxov.hu\\\/\",\"logo\":{\"@type\":\"ImageObject\",\"inLanguage\":\"en-GB\",\"@id\":\"https:\\\/\\\/voxov.hu\\\/#\\\/schema\\\/logo\\\/image\\\/\",\"url\":\"https:\\\/\\\/voxov.hu\\\/wp-content\\\/uploads\\\/2025\\\/02\\\/VOXOVlogo.png\",\"contentUrl\":\"https:\\\/\\\/voxov.hu\\\/wp-content\\\/uploads\\\/2025\\\/02\\\/VOXOVlogo.png\",\"width\":270,\"height\":36,\"caption\":\"VOXOV Logistics Kft\"},\"image\":{\"@id\":\"https:\\\/\\\/voxov.hu\\\/#\\\/schema\\\/logo\\\/image\\\/\"},\"sameAs\":[\"https:\\\/\\\/www.facebook.com\\\/voxov.hu\"]}]}<\/script>\n<!-- \/ Yoast SEO Premium plugin. -->","yoast_head_json":{"title":"\u00c1llashirdet\u00e9s - Jelentkez\u00e9si lap - VOXOV Logistics Kft.","description":"Fuvaroz\u00f3i \u00e1ll\u00e1shirdet\u00e9s a VOXOV-n\u00e1l! Jelentkezz nemzetk\u00f6zi fuvaroz\u00f3i poz\u00edci\u00f3ra online jelentkez\u00e9ssel. Csatlakozz csapatunkhoz m\u00e9g ma!","robots":{"index":"index","follow":"follow","max-snippet":"max-snippet:-1","max-image-preview":"max-image-preview:large","max-video-preview":"max-video-preview:-1"},"canonical":"https:\/\/voxov.hu\/en\/application-form\/","og_locale":"en_GB","og_type":"article","og_title":"Jelentkez\u00e9si lap","og_description":"Fuvaroz\u00f3i \u00e1ll\u00e1shirdet\u00e9s a VOXOV-n\u00e1l! Jelentkezz nemzetk\u00f6zi fuvaroz\u00f3i poz\u00edci\u00f3ra online jelentkez\u00e9ssel. Csatlakozz csapatunkhoz m\u00e9g ma!","og_url":"https:\/\/voxov.hu\/en\/application-form\/","og_site_name":"VOXOV","article_publisher":"https:\/\/www.facebook.com\/voxov.hu","article_modified_time":"2025-06-26T14:32:29+00:00","og_image":[{"width":500,"height":500,"url":"https:\/\/voxov.hu\/wp-content\/uploads\/2025\/02\/Nevtelen-terv-2.png","type":"image\/png"}],"twitter_card":"summary_large_image","twitter_misc":{"Estimated reading time":"1 minute"},"schema":{"@context":"https:\/\/schema.org","@graph":[{"@type":"WebPage","@id":"https:\/\/voxov.hu\/jelentkezesi-lap\/","url":"https:\/\/voxov.hu\/jelentkezesi-lap\/","name":"\u00c1llashirdet\u00e9s - Jelentkez\u00e9si lap - VOXOV Logistics Kft.","isPartOf":{"@id":"https:\/\/voxov.hu\/#website"},"primaryImageOfPage":{"@id":"https:\/\/voxov.hu\/jelentkezesi-lap\/#primaryimage"},"image":{"@id":"https:\/\/voxov.hu\/jelentkezesi-lap\/#primaryimage"},"thumbnailUrl":"https:\/\/voxov.hu\/wp-content\/uploads\/2025\/02\/Nevtelen-terv-2.png","datePublished":"2025-06-17T09:32:14+00:00","dateModified":"2025-06-26T14:32:29+00:00","description":"Fuvaroz\u00f3i \u00e1ll\u00e1shirdet\u00e9s a VOXOV-n\u00e1l! Jelentkezz nemzetk\u00f6zi fuvaroz\u00f3i poz\u00edci\u00f3ra online jelentkez\u00e9ssel. Csatlakozz csapatunkhoz m\u00e9g ma!","breadcrumb":{"@id":"https:\/\/voxov.hu\/jelentkezesi-lap\/#breadcrumb"},"inLanguage":"en-GB","potentialAction":[{"@type":"ReadAction","target":["https:\/\/voxov.hu\/jelentkezesi-lap\/"]}]},{"@type":"ImageObject","inLanguage":"en-GB","@id":"https:\/\/voxov.hu\/jelentkezesi-lap\/#primaryimage","url":"https:\/\/voxov.hu\/wp-content\/uploads\/2025\/02\/Nevtelen-terv-2.png","contentUrl":"https:\/\/voxov.hu\/wp-content\/uploads\/2025\/02\/Nevtelen-terv-2.png","width":500,"height":500},{"@type":"BreadcrumbList","@id":"https:\/\/voxov.hu\/jelentkezesi-lap\/#breadcrumb","itemListElement":[{"@type":"ListItem","position":1,"name":"Kezd\u0151lap","item":"https:\/\/voxov.hu\/"},{"@type":"ListItem","position":2,"name":"Jelentkez\u00e9si lap"}]},{"@type":"WebSite","@id":"https:\/\/voxov.hu\/#website","url":"https:\/\/voxov.hu\/","name":"VOXOV","description":"Your logistics partner in a digital world","publisher":{"@id":"https:\/\/voxov.hu\/#organization"},"potentialAction":[{"@type":"SearchAction","target":{"@type":"EntryPoint","urlTemplate":"https:\/\/voxov.hu\/?s={search_term_string}"},"query-input":{"@type":"PropertyValueSpecification","valueRequired":true,"valueName":"search_term_string"}}],"inLanguage":"en-GB"},{"@type":"Organization","@id":"https:\/\/voxov.hu\/#organization","name":"VOXOV Logistics Kft","url":"https:\/\/voxov.hu\/","logo":{"@type":"ImageObject","inLanguage":"en-GB","@id":"https:\/\/voxov.hu\/#\/schema\/logo\/image\/","url":"https:\/\/voxov.hu\/wp-content\/uploads\/2025\/02\/VOXOVlogo.png","contentUrl":"https:\/\/voxov.hu\/wp-content\/uploads\/2025\/02\/VOXOVlogo.png","width":270,"height":36,"caption":"VOXOV Logistics Kft"},"image":{"@id":"https:\/\/voxov.hu\/#\/schema\/logo\/image\/"},"sameAs":["https:\/\/www.facebook.com\/voxov.hu"]}]}},"_links":{"self":[{"href":"https:\/\/voxov.hu\/en\/wp-json\/wp\/v2\/pages\/725","targetHints":{"allow":["GET"]}}],"collection":[{"href":"https:\/\/voxov.hu\/en\/wp-json\/wp\/v2\/pages"}],"about":[{"href":"https:\/\/voxov.hu\/en\/wp-json\/wp\/v2\/types\/page"}],"author":[{"embeddable":true,"href":"https:\/\/voxov.hu\/en\/wp-json\/wp\/v2\/users\/1"}],"replies":[{"embeddable":true,"href":"https:\/\/voxov.hu\/en\/wp-json\/wp\/v2\/comments?post=725"}],"version-history":[{"count":22,"href":"https:\/\/voxov.hu\/en\/wp-json\/wp\/v2\/pages\/725\/revisions"}],"predecessor-version":[{"id":748,"href":"https:\/\/voxov.hu\/en\/wp-json\/wp\/v2\/pages\/725\/revisions\/748"}],"wp:featuredmedia":[{"embeddable":true,"href":"https:\/\/voxov.hu\/en\/wp-json\/wp\/v2\/media\/470"}],"wp:attachment":[{"href":"https:\/\/voxov.hu\/en\/wp-json\/wp\/v2\/media?parent=725"}],"curies":[{"name":"wp","href":"https:\/\/api.w.org\/{rel}","templated":true}]}}