{"id":3,"date":"2025-02-17T15:10:07","date_gmt":"2025-02-17T14:10:07","guid":{"rendered":"http:\/\/voxov.hu\/?page_id=3"},"modified":"2025-03-14T15:29:24","modified_gmt":"2025-03-14T14:29:24","slug":"adatkezelesi-tajekoztato","status":"publish","type":"page","link":"https:\/\/voxov.hu\/en\/data-management-information\/","title":{"rendered":"Privacy Policy"},"content":{"rendered":"<h2 class=\"wp-block-heading\">2. Who are we?<\/h2>\n\n\n\n<p>Our website address:<\/p>\n\n\n\n<h2 class=\"wp-block-heading\">Comments<\/h2>\n\n\n\n<p>When submitting a comment, in addition to what is provided in the comment form, the commenter's IP address and browser identifier string are collected for the purpose of filtering out unwanted content.<\/p>\n\n\n\n<p>An anonymized string (often called a hash) generated from your email address will be sent to the Gravatar service if it is used on the site. The Gravatar terms of service can be viewed at https:\/\/automattic.com\/privacy\/. Once your comment is accepted, the content of your comment and your profile picture will be made public.<\/p>\n\n\n\n<h2 class=\"wp-block-heading\">Media<\/h2>\n\n\n\n<p><strong class=\"privacy-policy-tutorial\"> <\/strong>If an image is uploaded to the website by a registered user, EXIFs that include GPS position data should be avoided. Website visitors can download these and extract location data from images on the website.<\/p>\n\n\n\n<h2 class=\"wp-block-heading\">Cookies<\/h2>\n\n\n\n<p>When you leave a comment on the website, we store your name, email address, and website address in cookies. The storage is for convenience purposes, so you don't have to fill in these fields the next time you post a comment. The cookies expire one year.<\/p>\n\n\n\n<p>When you visit the login page, we set temporary cookies to determine whether your browser accepts cookies. These cookies do not contain any personal information and are deleted when you close your browser.<\/p>\n\n\n\n<p>When you log in to the website, we create several cookies that save your login information and the display options of the editor. The login cookies are valid for two days, the cookie that stores the options of the editor screen lasts for one year. If you check the \"Remember me\" option, the login will continue for two weeks. When you log out, the login cookies are removed.<\/p>\n\n\n\n<p>Amennyiben bejegyz\u00e9st vagy oldalt szerkeszt\u00fcnk, egy \u00fajabb s\u00fctit t\u00e1rol el a b\u00f6ng\u00e9sz\u0151nk. Ez a s\u00fcti nem tartalmaz szem\u00e9lyes adatot, egyszer\u0171en csak a bejegyz\u00e9s azonos\u00edt\u00f3 sz\u00e1m\u00e1t t\u00e1rolja, amelyet szerkesztett\u00fcnk. Egy nap m\u00falva j\u00e1r le az \u00e9rv\u00e9nyess\u00e9ge.<\/p>\n\n\n\n<h2 class=\"wp-block-heading\">Embedded content from other websites<\/h2>\n\n\n\n<p>Posts available on the website may use embedded content from external sources (e.g. videos, images, articles, etc.). Embedded content from external sources behaves exactly as if we had visited another website.<\/p>\n\n\n\n<p>These websites may collect data about visitors, use cookies or third-party tracking code, and monitor user behavior related to embedded content if we have a user account and are logged in to the site.<\/p>\n\n\n\n<h2 class=\"wp-block-heading\">Who we share user data with<\/h2>\n\n\n\n<p>If you request a password reset, the IP address will be included in the reset email.<\/p>\n\n\n\n<h2 class=\"wp-block-heading\">How long do we keep personal data?<\/h2>\n\n\n\n<p>When you comment, the comment and its metadata will remain in the system for an indefinite period of time. This is to ensure that any subsequent comments are reviewed and approved by us, meaning they will not be added to the list of comments to be moderated.<\/p>\n\n\n\n<p>The personal data of registered users on the website (if any) are also stored in their own user profile. Each user can view, edit or delete their personal data at any time (except that they cannot change their own username). The website administrators can also view and edit this information.<\/p>\n\n\n\n<h2 class=\"wp-block-heading\">What rights does the user have regarding their own data?<\/h2>\n\n\n\n<p>If you register for an account or leave a comment on this website, you may request to receive an export file of your personal data, which includes any data you have previously provided to us. You may also request that we delete any personal data you have previously provided. This does not apply to data that we are required to retain for administrative, legal or security reasons.<\/p>\n\n\n\n<h2 class=\"wp-block-heading\">Where is the data forwarded to?<\/h2>\n\n\n\n<p>Comments submitted by visitors may be checked by an automatic spam filtering service.<\/p>\n\n\n\n<p><\/p>","protected":false},"excerpt":{"rendered":"<p>Kik vagyunk A weboldalunk c\u00edme: http:\/\/voxov.hu. Hozz\u00e1sz\u00f3l\u00e1sok Hozz\u00e1sz\u00f3l\u00e1s bek\u00fcld\u00e9sekor a hozz\u00e1sz\u00f3l\u00e1si \u0171rlapban megadottakon k\u00edv\u00fcl begy\u0171jt\u00e9sre ker\u00fcl a hozz\u00e1sz\u00f3l\u00f3 IP c\u00edme \u00e9s a b\u00f6ng\u00e9sz\u0151azonos\u00edt\u00f3 karakterl\u00e1nc a k\u00e9retlen tartalmak kisz\u0171r\u00e9se c\u00e9lj\u00e1b\u00f3l. Egy szem\u00e9lytelen\u00edtett, az e-mail c\u00edmb\u0151l el\u0151\u00e1ll\u00edtott karakterl\u00e1nc (hashnek szok\u00e1s nevezni) ker\u00fcl tov\u00e1bb\u00edt\u00e1sra a Gravatar szolg\u00e1ltat\u00e1s fel\u00e9, ha ez az oldalon haszn\u00e1latban van. A Gravatar szolg\u00e1ltat\u00e1s felt\u00e9telei [&hellip;]<\/p>\n","protected":false},"author":1,"featured_media":0,"parent":0,"menu_order":0,"comment_status":"closed","ping_status":"open","template":"","meta":{"footnotes":""},"class_list":["post-3","page","type-page","status-publish","hentry"],"yoast_head":"<!-- This site is optimized with the Yoast SEO Premium plugin v27.5 (Yoast SEO v27.5) - https:\/\/yoast.com\/product\/yoast-seo-premium-wordpress\/ -->\n<title>Adatkezel\u00e9si t\u00e1j\u00e9koztat\u00f3 - VOXOV<\/title>\n<meta name=\"robots\" content=\"index, follow, max-snippet:-1, max-image-preview:large, max-video-preview:-1\" \/>\n<link rel=\"canonical\" href=\"https:\/\/voxov.hu\/en\/data-management-information\/\" \/>\n<meta property=\"og:locale\" content=\"en_GB\" \/>\n<meta property=\"og:type\" content=\"article\" \/>\n<meta property=\"og:title\" content=\"Adatkezel\u00e9si t\u00e1j\u00e9koztat\u00f3\" \/>\n<meta property=\"og:description\" content=\"Kik vagyunk A weboldalunk c\u00edme: http:\/\/voxov.hu. Hozz\u00e1sz\u00f3l\u00e1sok Hozz\u00e1sz\u00f3l\u00e1s bek\u00fcld\u00e9sekor a hozz\u00e1sz\u00f3l\u00e1si \u0171rlapban megadottakon k\u00edv\u00fcl begy\u0171jt\u00e9sre ker\u00fcl a hozz\u00e1sz\u00f3l\u00f3 IP c\u00edme \u00e9s a b\u00f6ng\u00e9sz\u0151azonos\u00edt\u00f3 karakterl\u00e1nc a k\u00e9retlen tartalmak kisz\u0171r\u00e9se c\u00e9lj\u00e1b\u00f3l. Egy szem\u00e9lytelen\u00edtett, az e-mail c\u00edmb\u0151l el\u0151\u00e1ll\u00edtott karakterl\u00e1nc (hashnek szok\u00e1s nevezni) ker\u00fcl tov\u00e1bb\u00edt\u00e1sra a Gravatar szolg\u00e1ltat\u00e1s fel\u00e9, ha ez az oldalon haszn\u00e1latban van. A Gravatar szolg\u00e1ltat\u00e1s felt\u00e9telei [&hellip;]\" \/>\n<meta property=\"og:url\" content=\"https:\/\/voxov.hu\/en\/data-management-information\/\" \/>\n<meta property=\"og:site_name\" content=\"VOXOV\" \/>\n<meta property=\"article:publisher\" content=\"https:\/\/www.facebook.com\/voxov.hu\" \/>\n<meta property=\"article:modified_time\" content=\"2025-03-14T14:29:24+00:00\" \/>\n<meta name=\"twitter:card\" content=\"summary_large_image\" \/>\n<meta name=\"twitter:label1\" content=\"Estimated reading time\" \/>\n\t<meta name=\"twitter:data1\" content=\"4 minutes\" \/>\n<script type=\"application\/ld+json\" class=\"yoast-schema-graph\">{\"@context\":\"https:\\\/\\\/schema.org\",\"@graph\":[{\"@type\":\"WebPage\",\"@id\":\"https:\\\/\\\/voxov.hu\\\/adatkezelesi-tajekoztato\\\/\",\"url\":\"https:\\\/\\\/voxov.hu\\\/adatkezelesi-tajekoztato\\\/\",\"name\":\"Adatkezel\u00e9si t\u00e1j\u00e9koztat\u00f3 - VOXOV\",\"isPartOf\":{\"@id\":\"https:\\\/\\\/voxov.hu\\\/#website\"},\"datePublished\":\"2025-02-17T14:10:07+00:00\",\"dateModified\":\"2025-03-14T14:29:24+00:00\",\"breadcrumb\":{\"@id\":\"https:\\\/\\\/voxov.hu\\\/adatkezelesi-tajekoztato\\\/#breadcrumb\"},\"inLanguage\":\"en-GB\",\"potentialAction\":[{\"@type\":\"ReadAction\",\"target\":[\"https:\\\/\\\/voxov.hu\\\/adatkezelesi-tajekoztato\\\/\"]}]},{\"@type\":\"BreadcrumbList\",\"@id\":\"https:\\\/\\\/voxov.hu\\\/adatkezelesi-tajekoztato\\\/#breadcrumb\",\"itemListElement\":[{\"@type\":\"ListItem\",\"position\":1,\"name\":\"Kezd\u0151lap\",\"item\":\"https:\\\/\\\/voxov.hu\\\/\"},{\"@type\":\"ListItem\",\"position\":2,\"name\":\"Adatkezel\u00e9si t\u00e1j\u00e9koztat\u00f3\"}]},{\"@type\":\"WebSite\",\"@id\":\"https:\\\/\\\/voxov.hu\\\/#website\",\"url\":\"https:\\\/\\\/voxov.hu\\\/\",\"name\":\"VOXOV\",\"description\":\"Logisztikai partnere egy digit\u00e1lis vil\u00e1gban\",\"publisher\":{\"@id\":\"https:\\\/\\\/voxov.hu\\\/#organization\"},\"potentialAction\":[{\"@type\":\"SearchAction\",\"target\":{\"@type\":\"EntryPoint\",\"urlTemplate\":\"https:\\\/\\\/voxov.hu\\\/?s={search_term_string}\"},\"query-input\":{\"@type\":\"PropertyValueSpecification\",\"valueRequired\":true,\"valueName\":\"search_term_string\"}}],\"inLanguage\":\"en-GB\"},{\"@type\":\"Organization\",\"@id\":\"https:\\\/\\\/voxov.hu\\\/#organization\",\"name\":\"VOXOV Logistics Kft\",\"url\":\"https:\\\/\\\/voxov.hu\\\/\",\"logo\":{\"@type\":\"ImageObject\",\"inLanguage\":\"en-GB\",\"@id\":\"https:\\\/\\\/voxov.hu\\\/#\\\/schema\\\/logo\\\/image\\\/\",\"url\":\"https:\\\/\\\/voxov.hu\\\/wp-content\\\/uploads\\\/2025\\\/02\\\/VOXOVlogo.png\",\"contentUrl\":\"https:\\\/\\\/voxov.hu\\\/wp-content\\\/uploads\\\/2025\\\/02\\\/VOXOVlogo.png\",\"width\":270,\"height\":36,\"caption\":\"VOXOV Logistics Kft\"},\"image\":{\"@id\":\"https:\\\/\\\/voxov.hu\\\/#\\\/schema\\\/logo\\\/image\\\/\"},\"sameAs\":[\"https:\\\/\\\/www.facebook.com\\\/voxov.hu\"]}]}<\/script>\n<!-- \/ Yoast SEO Premium plugin. -->","yoast_head_json":{"title":"Adatkezel\u00e9si t\u00e1j\u00e9koztat\u00f3 - VOXOV","robots":{"index":"index","follow":"follow","max-snippet":"max-snippet:-1","max-image-preview":"max-image-preview:large","max-video-preview":"max-video-preview:-1"},"canonical":"https:\/\/voxov.hu\/en\/data-management-information\/","og_locale":"en_GB","og_type":"article","og_title":"Adatkezel\u00e9si t\u00e1j\u00e9koztat\u00f3","og_description":"Kik vagyunk A weboldalunk c\u00edme: http:\/\/voxov.hu. Hozz\u00e1sz\u00f3l\u00e1sok Hozz\u00e1sz\u00f3l\u00e1s bek\u00fcld\u00e9sekor a hozz\u00e1sz\u00f3l\u00e1si \u0171rlapban megadottakon k\u00edv\u00fcl begy\u0171jt\u00e9sre ker\u00fcl a hozz\u00e1sz\u00f3l\u00f3 IP c\u00edme \u00e9s a b\u00f6ng\u00e9sz\u0151azonos\u00edt\u00f3 karakterl\u00e1nc a k\u00e9retlen tartalmak kisz\u0171r\u00e9se c\u00e9lj\u00e1b\u00f3l. Egy szem\u00e9lytelen\u00edtett, az e-mail c\u00edmb\u0151l el\u0151\u00e1ll\u00edtott karakterl\u00e1nc (hashnek szok\u00e1s nevezni) ker\u00fcl tov\u00e1bb\u00edt\u00e1sra a Gravatar szolg\u00e1ltat\u00e1s fel\u00e9, ha ez az oldalon haszn\u00e1latban van. A Gravatar szolg\u00e1ltat\u00e1s felt\u00e9telei [&hellip;]","og_url":"https:\/\/voxov.hu\/en\/data-management-information\/","og_site_name":"VOXOV","article_publisher":"https:\/\/www.facebook.com\/voxov.hu","article_modified_time":"2025-03-14T14:29:24+00:00","twitter_card":"summary_large_image","twitter_misc":{"Estimated reading time":"4 minutes"},"schema":{"@context":"https:\/\/schema.org","@graph":[{"@type":"WebPage","@id":"https:\/\/voxov.hu\/adatkezelesi-tajekoztato\/","url":"https:\/\/voxov.hu\/adatkezelesi-tajekoztato\/","name":"Adatkezel\u00e9si t\u00e1j\u00e9koztat\u00f3 - VOXOV","isPartOf":{"@id":"https:\/\/voxov.hu\/#website"},"datePublished":"2025-02-17T14:10:07+00:00","dateModified":"2025-03-14T14:29:24+00:00","breadcrumb":{"@id":"https:\/\/voxov.hu\/adatkezelesi-tajekoztato\/#breadcrumb"},"inLanguage":"en-GB","potentialAction":[{"@type":"ReadAction","target":["https:\/\/voxov.hu\/adatkezelesi-tajekoztato\/"]}]},{"@type":"BreadcrumbList","@id":"https:\/\/voxov.hu\/adatkezelesi-tajekoztato\/#breadcrumb","itemListElement":[{"@type":"ListItem","position":1,"name":"Kezd\u0151lap","item":"https:\/\/voxov.hu\/"},{"@type":"ListItem","position":2,"name":"Adatkezel\u00e9si t\u00e1j\u00e9koztat\u00f3"}]},{"@type":"WebSite","@id":"https:\/\/voxov.hu\/#website","url":"https:\/\/voxov.hu\/","name":"VOXOV","description":"Your logistics partner in a digital world","publisher":{"@id":"https:\/\/voxov.hu\/#organization"},"potentialAction":[{"@type":"SearchAction","target":{"@type":"EntryPoint","urlTemplate":"https:\/\/voxov.hu\/?s={search_term_string}"},"query-input":{"@type":"PropertyValueSpecification","valueRequired":true,"valueName":"search_term_string"}}],"inLanguage":"en-GB"},{"@type":"Organization","@id":"https:\/\/voxov.hu\/#organization","name":"VOXOV Logistics Kft","url":"https:\/\/voxov.hu\/","logo":{"@type":"ImageObject","inLanguage":"en-GB","@id":"https:\/\/voxov.hu\/#\/schema\/logo\/image\/","url":"https:\/\/voxov.hu\/wp-content\/uploads\/2025\/02\/VOXOVlogo.png","contentUrl":"https:\/\/voxov.hu\/wp-content\/uploads\/2025\/02\/VOXOVlogo.png","width":270,"height":36,"caption":"VOXOV Logistics Kft"},"image":{"@id":"https:\/\/voxov.hu\/#\/schema\/logo\/image\/"},"sameAs":["https:\/\/www.facebook.com\/voxov.hu"]}]}},"_links":{"self":[{"href":"https:\/\/voxov.hu\/en\/wp-json\/wp\/v2\/pages\/3","targetHints":{"allow":["GET"]}}],"collection":[{"href":"https:\/\/voxov.hu\/en\/wp-json\/wp\/v2\/pages"}],"about":[{"href":"https:\/\/voxov.hu\/en\/wp-json\/wp\/v2\/types\/page"}],"author":[{"embeddable":true,"href":"https:\/\/voxov.hu\/en\/wp-json\/wp\/v2\/users\/1"}],"replies":[{"embeddable":true,"href":"https:\/\/voxov.hu\/en\/wp-json\/wp\/v2\/comments?post=3"}],"version-history":[{"count":1,"href":"https:\/\/voxov.hu\/en\/wp-json\/wp\/v2\/pages\/3\/revisions"}],"predecessor-version":[{"id":552,"href":"https:\/\/voxov.hu\/en\/wp-json\/wp\/v2\/pages\/3\/revisions\/552"}],"wp:attachment":[{"href":"https:\/\/voxov.hu\/en\/wp-json\/wp\/v2\/media?parent=3"}],"curies":[{"name":"wp","href":"https:\/\/api.w.org\/{rel}","templated":true}]}}