{"id":249,"date":"2025-02-26T15:20:55","date_gmt":"2025-02-26T14:20:55","guid":{"rendered":"https:\/\/voxov.hu\/?page_id=249"},"modified":"2025-06-26T16:20:34","modified_gmt":"2025-06-26T14:20:34","slug":"nemzetkozi-fuvarozas-kapcsolatfelvetel","status":"publish","type":"page","link":"https:\/\/voxov.hu\/en\/international-transport-connection-proposition\/","title":{"rendered":"Contact"},"content":{"rendered":"\t\t<div data-elementor-type=\"wp-page\" data-elementor-id=\"249\" class=\"elementor elementor-249\" data-elementor-post-type=\"page\">\n\t\t\t\t<div class=\"elementor-element elementor-element-fc70a1b e-con-full e-flex e-con e-parent\" data-id=\"fc70a1b\" data-element_type=\"container\" data-e-type=\"container\">\n\t\t\t\t<div class=\"elementor-element elementor-element-3439191 elementor-widget elementor-widget-image\" data-id=\"3439191\" data-element_type=\"widget\" data-e-type=\"widget\" data-widget_type=\"image.default\">\n\t\t\t\t<div class=\"elementor-widget-container\">\n\t\t\t\t\t\t\t\t\t\t\t\t\t\t\t<img fetchpriority=\"high\" decoding=\"async\" width=\"1441\" height=\"296\" src=\"https:\/\/voxov.hu\/wp-content\/uploads\/2025\/02\/Group-1321314138.png\" class=\"attachment-full size-full wp-image-450\" alt=\"\" srcset=\"https:\/\/voxov.hu\/wp-content\/uploads\/2025\/02\/Group-1321314138.png 1441w, https:\/\/voxov.hu\/wp-content\/uploads\/2025\/02\/Group-1321314138-300x62.png 300w, https:\/\/voxov.hu\/wp-content\/uploads\/2025\/02\/Group-1321314138-1024x210.png 1024w, https:\/\/voxov.hu\/wp-content\/uploads\/2025\/02\/Group-1321314138-768x158.png 768w\" sizes=\"(max-width: 1441px) 100vw, 1441px\" \/>\t\t\t\t\t\t\t\t\t\t\t\t\t\t\t<\/div>\n\t\t\t\t<\/div>\n\t\t\t\t<\/div>\n\t\t<div class=\"elementor-element elementor-element-4beec59 e-flex e-con-boxed elementor-invisible e-con e-parent\" data-id=\"4beec59\" data-element_type=\"container\" data-e-type=\"container\" data-settings=\"{&quot;animation&quot;:&quot;fadeIn&quot;}\">\n\t\t\t\t\t<div class=\"e-con-inner\">\n\t\t\t\t<div class=\"elementor-element elementor-element-b4f3693 elementor-widget__width-initial elementor-widget elementor-widget-heading\" data-id=\"b4f3693\" data-element_type=\"widget\" data-e-type=\"widget\" data-widget_type=\"heading.default\">\n\t\t\t\t<div class=\"elementor-widget-container\">\n\t\t\t\t\t<h2 class=\"elementor-heading-title elementor-size-default\">KAPCSOLAT<\/h2>\t\t\t\t<\/div>\n\t\t\t\t<\/div>\n\t\t\t\t<div class=\"elementor-element elementor-element-635acf3 elementor-widget__width-initial elementor-widget elementor-widget-text-editor\" data-id=\"635acf3\" data-element_type=\"widget\" data-e-type=\"widget\" data-widget_type=\"text-editor.default\">\n\t\t\t\t<div class=\"elementor-widget-container\">\n\t\t\t\t\t\t\t\t\t<p><strong>Telephely:<\/strong> 1152 Budapest, Illy\u00e9s Gyula utca 2-4. A. \u00e9p. Fsz. 7.<\/p><p><strong>Postac\u00edm:<\/strong> 1601, Budapest Pf.: 131.\u2028\u2028<\/p><p><strong>E-mail:<\/strong>\u2028info@voxov.hu\u2028<\/p><p><strong>Telefonsz\u00e1m: <\/strong>+36 30 339 5224<\/p>\t\t\t\t\t\t\t\t<\/div>\n\t\t\t\t<\/div>\n\t\t\t\t\t<\/div>\n\t\t\t\t<\/div>\n\t\t<div class=\"elementor-element elementor-element-9b5a191 e-flex e-con-boxed e-con e-parent\" data-id=\"9b5a191\" data-element_type=\"container\" data-e-type=\"container\" data-settings=\"{&quot;background_background&quot;:&quot;classic&quot;}\">\n\t\t\t\t\t<div class=\"e-con-inner\">\n\t\t<div class=\"elementor-element elementor-element-5aff1e9 e-con-full e-flex elementor-invisible e-con e-child\" data-id=\"5aff1e9\" data-element_type=\"container\" data-e-type=\"container\" data-settings=\"{&quot;animation&quot;:&quot;fadeIn&quot;}\">\n\t\t\t\t<div class=\"elementor-element elementor-element-ed37a25 elementor-widget elementor-widget-heading\" data-id=\"ed37a25\" data-element_type=\"widget\" data-e-type=\"widget\" data-widget_type=\"heading.default\">\n\t\t\t\t<div class=\"elementor-widget-container\">\n\t\t\t\t\t<h2 class=\"elementor-heading-title elementor-size-default\">KAPCSOLAT<\/h2>\t\t\t\t<\/div>\n\t\t\t\t<\/div>\n\t\t\t\t<div class=\"elementor-element elementor-element-5c2e97d elementor-widget elementor-widget-text-editor\" data-id=\"5c2e97d\" data-element_type=\"widget\" data-e-type=\"widget\" data-widget_type=\"text-editor.default\">\n\t\t\t\t<div class=\"elementor-widget-container\">\n\t\t\t\t\t\t\t\t\t<p><strong>K\u00f6zpont:<\/strong> 1152 Budapest, Illy\u00e9s Gyula utca 2-4. \u00e9p. Fsz. 7.<\/p><p><strong>Telefonsz\u00e1m:<\/strong> +36 30 339 5224 &#8211; sz\u00e1ll\u00edtm\u00e1nyoz\u00e1si vezet\u0151<\/p>\t\t\t\t\t\t\t\t<\/div>\n\t\t\t\t<\/div>\n\t\t\t\t<div class=\"elementor-element elementor-element-0e05080 fluent-form-widget-step-header-yes fluent-form-widget-step-progressbar-yes fluentform-widget-submit-button-custom elementor-widget elementor-widget-fluent-form-widget\" data-id=\"0e05080\" data-element_type=\"widget\" data-e-type=\"widget\" data-widget_type=\"fluent-form-widget.default\">\n\t\t\t\t<div class=\"elementor-widget-container\">\n\t\t\t\t\t\n            <div class=\"fluentform-widget-wrapper fluentform-widget-custom-radio-checkbox fluentform-widget-align-default\">\n\n            \n            <div class='fluentform ff-default fluentform_wrapper_1 ffs_custom_wrap'><form data-form_id=\"1\" id=\"fluentform_1\" class=\"frm-fluent-form fluent_form_1 ff-el-form-top ff_form_instance_1_1 ff-form-loading ffs_custom\" data-form_instance=\"ff_form_instance_1_1\" method=\"POST\" ><fieldset  style=\"border: none!important;margin: 0!important;padding: 0!important;background-color: transparent!important;box-shadow: none!important;outline: none!important; min-inline-size: 100%;\">\n                    <legend class=\"ff_screen_reader_title\" style=\"display: block; margin: 0!important;padding: 0!important;height: 0!important;text-indent: -999999px;width: 0!important;overflow:hidden;\">Kapcsolat<\/legend><p style=\"display: none !important;\" class=\"akismet-fields-container\" data-prefix=\"ak_\"><label>&#916;<textarea name=\"ak_hp_textarea\" cols=\"45\" rows=\"8\" maxlength=\"100\"><\/textarea><\/label><input type=\"hidden\" id=\"ak_js_1\" name=\"ak_js\" value=\"61\"\/><script>\ndocument.getElementById( \"ak_js_1\" ).setAttribute( \"value\", ( new Date() ).getTime() );\n<\/script>\n<\/p>        <div\n                style=\"display: none!important; position: absolute!important; transform: translateX(1000%)!important;\"\n                class=\"ff-el-group ff-hpsf-container\"\n        >\n            <div class=\"ff-el-input--label asterisk-right\">\n                <label for=\"ff_1_item_sf\" aria-label=\"Subscribe\">\n                    Subscribe                <\/label>\n            <\/div>\n            <div class=\"ff-el-input--content\">\n                <input type=\"text\"\n                       name=\"item_1__fluent_sf\"\n                       class=\"ff-el-form-control\"\n                       id=\"ff_1_item_sf\"\n                \/>\n            <\/div>\n        <\/div>\n        <input type='hidden' name='__fluent_form_embded_post_id' value='249' \/><input type=\"hidden\" id=\"_fluentform_1_fluentformnonce\" name=\"_fluentform_1_fluentformnonce\" value=\"06638f3685\" \/><input type=\"hidden\" name=\"_wp_http_referer\" value=\"\/en\/wp-json\/wp\/v2\/pages\/249\" \/><div data-type=\"name-element\" data-name=\"names\" class=\" ff-field_container ff-name-field-wrapper\" ><div class='ff-t-container'><div class='ff-t-cell '><div class='ff-el-group ff-el-form-top'><div class=\"ff-el-input--label ff-el-is-required asterisk-right\"><label for='ff_1_names_first_name_' id='label_ff_1_names_first_name_' >Teljes n\u00e9v<\/label><\/div><div class='ff-el-input--content'><input type=\"text\" name=\"names[first_name]\" id=\"ff_1_names_first_name_\" class=\"ff-el-form-control\" placeholder=\"Teljes n\u00e9v\" aria-invalid=\"false\" aria-required=true><\/div><\/div><\/div><\/div><\/div><div data-name=\"ff_cn_id_1\"  class='ff-t-container ff-column-container ff_columns_total_2 '><div class='ff-t-cell ff-t-column-1' style='flex-basis: 50%;'><div class='ff-el-group'><div class=\"ff-el-input--label ff-el-is-required asterisk-right\"><label for='ff_1_email' id='label_ff_1_email' aria-label=\"E-mail c\u00edm\">E-mail c\u00edm<\/label><\/div><div class='ff-el-input--content'><input type=\"email\" name=\"email\" id=\"ff_1_email\" class=\"ff-el-form-control\" placeholder=\"E-mail c\u00edm\" data-name=\"email\"  aria-invalid=\"false\" aria-required=true><\/div><\/div><\/div><div class='ff-t-cell ff-t-column-2' style='flex-basis: 50%;'><div class='ff-el-group'><div class=\"ff-el-input--label ff-el-is-required asterisk-right\"><label for='ff_1_phone' id='label_ff_1_phone' aria-label=\"Telefonsz\u00e1m\">Telefonsz\u00e1m<\/label><\/div><div class='ff-el-input--content'><input name=\"phone\" class=\"ff-el-form-control ff-el-phone\" type=\"tel\" placeholder=\"Telefonsz\u00e1m\" data-name=\"phone\" id=\"ff_1_phone\" inputmode=\"tel\"  aria-invalid='false' aria-required=true><\/div><\/div><\/div><\/div><div class='ff-el-group'><div class=\"ff-el-input--label ff-el-is-required asterisk-right\"><label for='ff_1_uzenet' id='label_ff_1_uzenet' aria-label=\"\u00dczenet\">\u00dczenet<\/label><\/div><div class='ff-el-input--content'><textarea aria-required=\"true\" aria-labelledby=\"label_ff_1_uzenet\" name=\"uzenet\" id=\"ff_1_uzenet\" class=\"ff-el-form-control\" rows=\"4\" cols=\"2\" data-name=\"uzenet\" ><\/textarea><\/div><\/div><div class='ff-el-group    ff-el-input--content'><div class='ff-el-form-check ff-el-tc'><label aria-label='Terms and Conditions: Elolvastam \u00e9s elfogadom az adatv\u00e9delmi nyilatkozatot. Contains 1 link. Use tab navigation to review.' class='ff-el-form-check-label ff_tc_label' for=terms-n-condition_cca22589412dc92fa21f9e3608ab97cf><span class='ff_tc_checkbox'><input type=\"checkbox\" name=\"terms-n-condition\" class=\"ff-el-form-check-input\" data-name=\"terms-n-condition\" id=\"terms-n-condition_cca22589412dc92fa21f9e3608ab97cf\"  value='on' aria-invalid='false' aria-required=true><\/span> <div class='ff_t_c'><p>Elolvastam \u00e9s elfogadom az <a href=\"https:\/\/voxov.hu\/adatvedelmi-tajekoztato\/\">adatv\u00e9delmi nyilatkozatot<\/a>.<\/p><\/div><\/label><\/div><\/div><div class='ff-el-group ' ><div class='ff-el-input--content'><div data-fluent_id='1' name='g-recaptcha-response'><div\n\t\tdata-sitekey='6LdIfLErAAAAALL1O4eYushkixqj62ev_GUxK314'\n\t\tid='fluentform-recaptcha-1-1'\n\t\tclass='ff-el-recaptcha g-recaptcha'\n\t\tdata-callback='fluentFormrecaptchaSuccessCallback'><\/div><\/div><\/div><\/div><div class='ff-el-group ff-text-center ff_submit_btn_wrapper'><button type=\"submit\" class=\"ff-btn ff-btn-submit ff-btn-md ff_btn_style\"  aria-label=\"K\u00dcLD\u00c9S\">K\u00dcLD\u00c9S<\/button><\/div><\/fieldset><\/form><div id='fluentform_1_errors' class='ff-errors-in-stack ff_form_instance_1_1 ff-form-loading_errors ff_form_instance_1_1_errors'><\/div><\/div>            <script type=\"text\/javascript\">\n                window.fluent_form_ff_form_instance_1_1 = {\"id\":\"1\",\"ajaxUrl\":\"https:\\\/\\\/voxov.hu\\\/wp-admin\\\/admin-ajax.php\",\"settings\":{\"layout\":{\"labelPlacement\":\"top\",\"helpMessagePlacement\":\"with_label\",\"errorMessagePlacement\":\"inline\",\"cssClassName\":\"\",\"asteriskPlacement\":\"asterisk-right\"},\"restrictions\":{\"denyEmptySubmission\":{\"enabled\":false}}},\"form_instance\":\"ff_form_instance_1_1\",\"form_id_selector\":\"fluentform_1\",\"rules\":{\"names[first_name]\":{\"required\":{\"value\":true,\"message\":\"Ez egy k\\u00f6telez\\u0151 mez\\u0151\",\"global_message\":\"Ez egy k\\u00f6telez\\u0151 mez\\u0151\",\"global\":true}},\"names[middle_name]\":{\"required\":{\"value\":false,\"message\":\"Ez egy k\\u00f6telez\\u0151 mez\\u0151\",\"global_message\":\"Ez egy k\\u00f6telez\\u0151 mez\\u0151\",\"global\":true}},\"names[last_name]\":{\"required\":{\"value\":false,\"message\":\"Ez egy k\\u00f6telez\\u0151 mez\\u0151\",\"global_message\":\"Ez egy k\\u00f6telez\\u0151 mez\\u0151\",\"global\":true}},\"email\":{\"required\":{\"value\":true,\"message\":\"Ez egy k\\u00f6telez\\u0151 mez\\u0151\",\"global_message\":\"Ez egy k\\u00f6telez\\u0151 mez\\u0151\",\"global\":true},\"email\":{\"value\":true,\"message\":\"A mez\\u0151nek \\u00e9rv\\u00e9nyes emailc\\u00edmet kell tartalmaznia\",\"global_message\":\"A mez\\u0151nek \\u00e9rv\\u00e9nyes emailc\\u00edmet kell tartalmaznia\",\"global\":true}},\"phone\":{\"required\":{\"value\":true,\"global\":true,\"message\":\"Ez egy k\\u00f6telez\\u0151 mez\\u0151\",\"global_message\":\"Ez egy k\\u00f6telez\\u0151 mez\\u0151\"},\"valid_phone_number\":{\"value\":false,\"global\":true,\"message\":\"A telefonsz\\u00e1m nem \\u00e9rv\\u00e9nyes\",\"global_message\":\"A telefonsz\\u00e1m nem \\u00e9rv\\u00e9nyes\"}},\"uzenet\":{\"required\":{\"value\":true,\"message\":\"Ez egy k\\u00f6telez\\u0151 mez\\u0151\",\"global\":true,\"global_message\":\"Ez egy k\\u00f6telez\\u0151 mez\\u0151\"}},\"terms-n-condition\":{\"required\":{\"value\":true,\"message\":\"Ez egy k\\u00f6telez\\u0151 mez\\u0151\",\"global_message\":\"Ez egy k\\u00f6telez\\u0151 mez\\u0151\",\"global\":true}}},\"debounce_time\":300};\n                            <\/script>\n                        <\/div>\n\n            \t\t\t\t<\/div>\n\t\t\t\t<\/div>\n\t\t\t\t<\/div>\n\t\t<div class=\"elementor-element elementor-element-5bfa8e2 e-con-full e-flex e-con e-child\" data-id=\"5bfa8e2\" data-element_type=\"container\" data-e-type=\"container\">\n\t\t\t\t<div class=\"elementor-element elementor-element-f69f7a4 elementor-widget elementor-widget-google_maps\" data-id=\"f69f7a4\" data-element_type=\"widget\" data-e-type=\"widget\" data-widget_type=\"google_maps.default\">\n\t\t\t\t<div class=\"elementor-widget-container\">\n\t\t\t\t\t\t\t<div class=\"elementor-custom-embed\">\n\t\t\t<iframe loading=\"lazy\"\n\t\t\t\t\tsrc=\"https:\/\/maps.google.com\/maps?q=1152%20Budapest%2C%20Illy%C3%A9s%20Gyula%20utca%202-4.%20%C3%A9p.%20Fsz.%207.&#038;t=m&#038;z=12&#038;output=embed&#038;iwloc=near\"\n\t\t\t\t\ttitle=\"1152 Budapest, Illy\u00e9s Gyula utca 2-4. \u00e9p. Fsz. 7.\"\n\t\t\t\t\taria-label=\"1152 Budapest, Illy\u00e9s Gyula utca 2-4. \u00e9p. Fsz. 7.\"\n\t\t\t><\/iframe>\n\t\t<\/div>\n\t\t\t\t\t\t<\/div>\n\t\t\t\t<\/div>\n\t\t\t\t<\/div>\n\t\t\t\t\t<\/div>\n\t\t\t\t<\/div>\n\t\t\t\t<\/div>\n\t\t","protected":false},"excerpt":{"rendered":"<p>KAPCSOLAT Telephely: 1152 Budapest, Illy\u00e9s Gyula utca 2-4. A. \u00e9p. Fsz. 7. Postac\u00edm: 1601, Budapest Pf.: 131.\u2028\u2028 E-mail:\u2028info@voxov.hu\u2028 Telefonsz\u00e1m: +36 30 339 5224 KAPCSOLAT K\u00f6zpont: 1152 Budapest, Illy\u00e9s Gyula utca 2-4. \u00e9p. Fsz. 7. Telefonsz\u00e1m: +36 30 339 5224 &#8211; sz\u00e1ll\u00edtm\u00e1nyoz\u00e1si vezet\u0151 Kapcsolat Contact Teljes n\u00e9vE-mail c\u00edmTelefonsz\u00e1m\u00dczenet Elolvastam \u00e9s elfogadom az adatv\u00e9delmi nyilatkozatot. K\u00dcLD\u00c9S<\/p>","protected":false},"author":1,"featured_media":0,"parent":0,"menu_order":0,"comment_status":"closed","ping_status":"closed","template":"elementor_header_footer","meta":{"footnotes":""},"class_list":["post-249","page","type-page","status-publish","hentry"],"yoast_head":"<!-- This site is optimized with the Yoast SEO Premium plugin v27.4 (Yoast SEO v27.4) - https:\/\/yoast.com\/product\/yoast-seo-premium-wordpress\/ -->\n<title>Kapcsolat - VOXOV Logistics Kft.<\/title>\n<meta name=\"description\" content=\"L\u00e9pj kapcsolatba vel\u00fcnk nemzetk\u00f6zi fuvaroz\u00e1ssal kapcsolatban! A VOXOV csapata k\u00e9szs\u00e9ggel seg\u00edt minden sz\u00e1ll\u00edtm\u00e1nyoz\u00e1si k\u00e9rd\u00e9sben.\" \/>\n<meta name=\"robots\" content=\"index, follow, max-snippet:-1, max-image-preview:large, max-video-preview:-1\" \/>\n<link rel=\"canonical\" href=\"https:\/\/voxov.hu\/en\/international-transport-connection-proposition\/\" \/>\n<meta property=\"og:locale\" content=\"en_GB\" \/>\n<meta property=\"og:type\" content=\"article\" \/>\n<meta property=\"og:title\" content=\"Kapcsolat\" \/>\n<meta property=\"og:description\" content=\"L\u00e9pj kapcsolatba vel\u00fcnk nemzetk\u00f6zi fuvaroz\u00e1ssal kapcsolatban! A VOXOV csapata k\u00e9szs\u00e9ggel seg\u00edt minden sz\u00e1ll\u00edtm\u00e1nyoz\u00e1si k\u00e9rd\u00e9sben.\" \/>\n<meta property=\"og:url\" content=\"https:\/\/voxov.hu\/en\/international-transport-connection-proposition\/\" \/>\n<meta property=\"og:site_name\" content=\"VOXOV\" \/>\n<meta property=\"article:publisher\" content=\"https:\/\/www.facebook.com\/voxov.hu\" \/>\n<meta property=\"article:modified_time\" content=\"2025-06-26T14:20:34+00:00\" \/>\n<meta property=\"og:image\" content=\"http:\/\/voxov.hu\/wp-content\/uploads\/2025\/02\/Group-1321314138.png\" \/>\n<meta name=\"twitter:card\" content=\"summary_large_image\" \/>\n<meta name=\"twitter:label1\" content=\"Estimated reading time\" \/>\n\t<meta name=\"twitter:data1\" content=\"1 minute\" \/>\n<script type=\"application\/ld+json\" class=\"yoast-schema-graph\">{\"@context\":\"https:\\\/\\\/schema.org\",\"@graph\":[{\"@type\":\"WebPage\",\"@id\":\"https:\\\/\\\/voxov.hu\\\/nemzetkozi-fuvarozas-kapcsolatfelvetel\\\/\",\"url\":\"https:\\\/\\\/voxov.hu\\\/nemzetkozi-fuvarozas-kapcsolatfelvetel\\\/\",\"name\":\"Kapcsolat - VOXOV Logistics Kft.\",\"isPartOf\":{\"@id\":\"https:\\\/\\\/voxov.hu\\\/#website\"},\"primaryImageOfPage\":{\"@id\":\"https:\\\/\\\/voxov.hu\\\/nemzetkozi-fuvarozas-kapcsolatfelvetel\\\/#primaryimage\"},\"image\":{\"@id\":\"https:\\\/\\\/voxov.hu\\\/nemzetkozi-fuvarozas-kapcsolatfelvetel\\\/#primaryimage\"},\"thumbnailUrl\":\"http:\\\/\\\/voxov.hu\\\/wp-content\\\/uploads\\\/2025\\\/02\\\/Group-1321314138.png\",\"datePublished\":\"2025-02-26T14:20:55+00:00\",\"dateModified\":\"2025-06-26T14:20:34+00:00\",\"description\":\"L\u00e9pj kapcsolatba vel\u00fcnk nemzetk\u00f6zi fuvaroz\u00e1ssal kapcsolatban! A VOXOV csapata k\u00e9szs\u00e9ggel seg\u00edt minden sz\u00e1ll\u00edtm\u00e1nyoz\u00e1si k\u00e9rd\u00e9sben.\",\"breadcrumb\":{\"@id\":\"https:\\\/\\\/voxov.hu\\\/nemzetkozi-fuvarozas-kapcsolatfelvetel\\\/#breadcrumb\"},\"inLanguage\":\"en-GB\",\"potentialAction\":[{\"@type\":\"ReadAction\",\"target\":[\"https:\\\/\\\/voxov.hu\\\/nemzetkozi-fuvarozas-kapcsolatfelvetel\\\/\"]}]},{\"@type\":\"ImageObject\",\"inLanguage\":\"en-GB\",\"@id\":\"https:\\\/\\\/voxov.hu\\\/nemzetkozi-fuvarozas-kapcsolatfelvetel\\\/#primaryimage\",\"url\":\"http:\\\/\\\/voxov.hu\\\/wp-content\\\/uploads\\\/2025\\\/02\\\/Group-1321314138.png\",\"contentUrl\":\"http:\\\/\\\/voxov.hu\\\/wp-content\\\/uploads\\\/2025\\\/02\\\/Group-1321314138.png\"},{\"@type\":\"BreadcrumbList\",\"@id\":\"https:\\\/\\\/voxov.hu\\\/nemzetkozi-fuvarozas-kapcsolatfelvetel\\\/#breadcrumb\",\"itemListElement\":[{\"@type\":\"ListItem\",\"position\":1,\"name\":\"Kezd\u0151lap\",\"item\":\"https:\\\/\\\/voxov.hu\\\/\"},{\"@type\":\"ListItem\",\"position\":2,\"name\":\"Kapcsolat\"}]},{\"@type\":\"WebSite\",\"@id\":\"https:\\\/\\\/voxov.hu\\\/#website\",\"url\":\"https:\\\/\\\/voxov.hu\\\/\",\"name\":\"VOXOV\",\"description\":\"Logisztikai partnere egy digit\u00e1lis vil\u00e1gban\",\"publisher\":{\"@id\":\"https:\\\/\\\/voxov.hu\\\/#organization\"},\"potentialAction\":[{\"@type\":\"SearchAction\",\"target\":{\"@type\":\"EntryPoint\",\"urlTemplate\":\"https:\\\/\\\/voxov.hu\\\/?s={search_term_string}\"},\"query-input\":{\"@type\":\"PropertyValueSpecification\",\"valueRequired\":true,\"valueName\":\"search_term_string\"}}],\"inLanguage\":\"en-GB\"},{\"@type\":\"Organization\",\"@id\":\"https:\\\/\\\/voxov.hu\\\/#organization\",\"name\":\"VOXOV Logistics Kft\",\"url\":\"https:\\\/\\\/voxov.hu\\\/\",\"logo\":{\"@type\":\"ImageObject\",\"inLanguage\":\"en-GB\",\"@id\":\"https:\\\/\\\/voxov.hu\\\/#\\\/schema\\\/logo\\\/image\\\/\",\"url\":\"https:\\\/\\\/voxov.hu\\\/wp-content\\\/uploads\\\/2025\\\/02\\\/VOXOVlogo.png\",\"contentUrl\":\"https:\\\/\\\/voxov.hu\\\/wp-content\\\/uploads\\\/2025\\\/02\\\/VOXOVlogo.png\",\"width\":270,\"height\":36,\"caption\":\"VOXOV Logistics Kft\"},\"image\":{\"@id\":\"https:\\\/\\\/voxov.hu\\\/#\\\/schema\\\/logo\\\/image\\\/\"},\"sameAs\":[\"https:\\\/\\\/www.facebook.com\\\/voxov.hu\"]}]}<\/script>\n<!-- \/ Yoast SEO Premium plugin. -->","yoast_head_json":{"title":"Kapcsolat - VOXOV Logistics Kft.","description":"L\u00e9pj kapcsolatba vel\u00fcnk nemzetk\u00f6zi fuvaroz\u00e1ssal kapcsolatban! A VOXOV csapata k\u00e9szs\u00e9ggel seg\u00edt minden sz\u00e1ll\u00edtm\u00e1nyoz\u00e1si k\u00e9rd\u00e9sben.","robots":{"index":"index","follow":"follow","max-snippet":"max-snippet:-1","max-image-preview":"max-image-preview:large","max-video-preview":"max-video-preview:-1"},"canonical":"https:\/\/voxov.hu\/en\/international-transport-connection-proposition\/","og_locale":"en_GB","og_type":"article","og_title":"Kapcsolat","og_description":"L\u00e9pj kapcsolatba vel\u00fcnk nemzetk\u00f6zi fuvaroz\u00e1ssal kapcsolatban! A VOXOV csapata k\u00e9szs\u00e9ggel seg\u00edt minden sz\u00e1ll\u00edtm\u00e1nyoz\u00e1si k\u00e9rd\u00e9sben.","og_url":"https:\/\/voxov.hu\/en\/international-transport-connection-proposition\/","og_site_name":"VOXOV","article_publisher":"https:\/\/www.facebook.com\/voxov.hu","article_modified_time":"2025-06-26T14:20:34+00:00","og_image":[{"url":"http:\/\/voxov.hu\/wp-content\/uploads\/2025\/02\/Group-1321314138.png","type":"","width":"","height":""}],"twitter_card":"summary_large_image","twitter_misc":{"Estimated reading time":"1 minute"},"schema":{"@context":"https:\/\/schema.org","@graph":[{"@type":"WebPage","@id":"https:\/\/voxov.hu\/nemzetkozi-fuvarozas-kapcsolatfelvetel\/","url":"https:\/\/voxov.hu\/nemzetkozi-fuvarozas-kapcsolatfelvetel\/","name":"Kapcsolat - VOXOV Logistics Kft.","isPartOf":{"@id":"https:\/\/voxov.hu\/#website"},"primaryImageOfPage":{"@id":"https:\/\/voxov.hu\/nemzetkozi-fuvarozas-kapcsolatfelvetel\/#primaryimage"},"image":{"@id":"https:\/\/voxov.hu\/nemzetkozi-fuvarozas-kapcsolatfelvetel\/#primaryimage"},"thumbnailUrl":"http:\/\/voxov.hu\/wp-content\/uploads\/2025\/02\/Group-1321314138.png","datePublished":"2025-02-26T14:20:55+00:00","dateModified":"2025-06-26T14:20:34+00:00","description":"L\u00e9pj kapcsolatba vel\u00fcnk nemzetk\u00f6zi fuvaroz\u00e1ssal kapcsolatban! A VOXOV csapata k\u00e9szs\u00e9ggel seg\u00edt minden sz\u00e1ll\u00edtm\u00e1nyoz\u00e1si k\u00e9rd\u00e9sben.","breadcrumb":{"@id":"https:\/\/voxov.hu\/nemzetkozi-fuvarozas-kapcsolatfelvetel\/#breadcrumb"},"inLanguage":"en-GB","potentialAction":[{"@type":"ReadAction","target":["https:\/\/voxov.hu\/nemzetkozi-fuvarozas-kapcsolatfelvetel\/"]}]},{"@type":"ImageObject","inLanguage":"en-GB","@id":"https:\/\/voxov.hu\/nemzetkozi-fuvarozas-kapcsolatfelvetel\/#primaryimage","url":"http:\/\/voxov.hu\/wp-content\/uploads\/2025\/02\/Group-1321314138.png","contentUrl":"http:\/\/voxov.hu\/wp-content\/uploads\/2025\/02\/Group-1321314138.png"},{"@type":"BreadcrumbList","@id":"https:\/\/voxov.hu\/nemzetkozi-fuvarozas-kapcsolatfelvetel\/#breadcrumb","itemListElement":[{"@type":"ListItem","position":1,"name":"Kezd\u0151lap","item":"https:\/\/voxov.hu\/"},{"@type":"ListItem","position":2,"name":"Kapcsolat"}]},{"@type":"WebSite","@id":"https:\/\/voxov.hu\/#website","url":"https:\/\/voxov.hu\/","name":"VOXOV","description":"Your logistics partner in a digital world","publisher":{"@id":"https:\/\/voxov.hu\/#organization"},"potentialAction":[{"@type":"SearchAction","target":{"@type":"EntryPoint","urlTemplate":"https:\/\/voxov.hu\/?s={search_term_string}"},"query-input":{"@type":"PropertyValueSpecification","valueRequired":true,"valueName":"search_term_string"}}],"inLanguage":"en-GB"},{"@type":"Organization","@id":"https:\/\/voxov.hu\/#organization","name":"VOXOV Logistics Kft","url":"https:\/\/voxov.hu\/","logo":{"@type":"ImageObject","inLanguage":"en-GB","@id":"https:\/\/voxov.hu\/#\/schema\/logo\/image\/","url":"https:\/\/voxov.hu\/wp-content\/uploads\/2025\/02\/VOXOVlogo.png","contentUrl":"https:\/\/voxov.hu\/wp-content\/uploads\/2025\/02\/VOXOVlogo.png","width":270,"height":36,"caption":"VOXOV Logistics Kft"},"image":{"@id":"https:\/\/voxov.hu\/#\/schema\/logo\/image\/"},"sameAs":["https:\/\/www.facebook.com\/voxov.hu"]}]}},"_links":{"self":[{"href":"https:\/\/voxov.hu\/en\/wp-json\/wp\/v2\/pages\/249","targetHints":{"allow":["GET"]}}],"collection":[{"href":"https:\/\/voxov.hu\/en\/wp-json\/wp\/v2\/pages"}],"about":[{"href":"https:\/\/voxov.hu\/en\/wp-json\/wp\/v2\/types\/page"}],"author":[{"embeddable":true,"href":"https:\/\/voxov.hu\/en\/wp-json\/wp\/v2\/users\/1"}],"replies":[{"embeddable":true,"href":"https:\/\/voxov.hu\/en\/wp-json\/wp\/v2\/comments?post=249"}],"version-history":[{"count":52,"href":"https:\/\/voxov.hu\/en\/wp-json\/wp\/v2\/pages\/249\/revisions"}],"predecessor-version":[{"id":928,"href":"https:\/\/voxov.hu\/en\/wp-json\/wp\/v2\/pages\/249\/revisions\/928"}],"wp:attachment":[{"href":"https:\/\/voxov.hu\/en\/wp-json\/wp\/v2\/media?parent=249"}],"curies":[{"name":"wp","href":"https:\/\/api.w.org\/{rel}","templated":true}]}}